{"id":2359,"date":"2015-03-13T11:22:09","date_gmt":"2015-03-13T11:22:09","guid":{"rendered":"http:\/\/demo-content.kaliumtheme.com\/agency\/?page_id=2359"},"modified":"2019-09-24T23:38:23","modified_gmt":"2019-09-24T21:38:23","slug":"services-2","status":"publish","type":"page","link":"https:\/\/www.k-graphic.net\/hello\/services-2\/","title":{"rendered":"Prix &#038; Services"},"content":{"rendered":"<div class=\"wpb-content-wrapper\"><p>[vc_row][vc_column reveal_effect=\u00a0\u00bbfadeIn\u00a0\u00bb reveal_duration=\u00a0\u00bb0.7&Prime;][lab_heading title=\u00a0\u00bbPrix &amp; Services.\u00a0\u00bb]Parce qu\u2019un travail n\u2019est pas un autre, on saura trouver la solution qui correspond \u00e0 votre budget.<br \/>\nEnvoyez nous un petit mail pour avoir une offre de prix ! [\/lab_heading][\/vc_column][\/vc_row][vc_row css=\u00a0\u00bb.vc_custom_1426246378123{margin-bottom: 0px !important;}\u00a0\u00bb][vc_column width=\u00a0\u00bb1\/2&Prime; reveal_effect=\u00a0\u00bbfadeIn\u00a0\u00bb reveal_duration=\u00a0\u00bb1&Prime; css=\u00a0\u00bb.vc_custom_1504614928532{margin-right: 0px !important;padding-right: 0px !important;}\u00a0\u00bb el_class=\u00a0\u00bbno-margin-desktop\u00a0\u00bb][\/vc_column][vc_column width=\u00a0\u00bb1\/2&Prime; reveal_effect=\u00a0\u00bbfadeIn\u00a0\u00bb reveal_duration=\u00a0\u00bb1&Prime;][lab_service_box css=\u00a0\u00bb.vc_custom_1427234469550{padding-top: 45px !important;padding-right: 45px !important;padding-bottom: 45px !important;padding-left: 45px !important;}\u00a0\u00bb][vc_icon type=\u00a0\u00bblinecons\u00a0\u00bb icon_linecons=\u00a0\u00bbvc_li vc_li-lab\u00a0\u00bb size=\u00a0\u00bblg\u00a0\u00bb][lab_service_box_content title=\u00a0\u00bbGraphics\u00a0\u00bb description=\u00a0\u00bbBesoin d&rsquo;un logo, d&rsquo;une carte de visite ou carr\u00e9ment une nouvelle charte graphique ?<\/p>\n<p>On a quelques fioles dans notre laboratoire avec une substance magique pour exciter nos neurones&#8230; et trouver la bonne id\u00e9e.\u00a0\u00bb][\/lab_service_box][\/vc_column][\/vc_row][vc_row css=\u00a0\u00bb.vc_custom_1426246383421{margin-bottom: 0px !important;}\u00a0\u00bb][vc_column width=\u00a0\u00bb1\/2&Prime; reveal_effect=\u00a0\u00bbfadeIn\u00a0\u00bb reveal_duration=\u00a0\u00bb1&Prime;][lab_service_box css=\u00a0\u00bb.vc_custom_1427234476895{padding-top: 45px !important;padding-right: 45px !important;padding-bottom: 45px !important;padding-left: 45px !important;}\u00a0\u00bb][vc_icon type=\u00a0\u00bblinecons\u00a0\u00bb icon_linecons=\u00a0\u00bbvc_li vc_li-news\u00a0\u00bb size=\u00a0\u00bblg\u00a0\u00bb][lab_service_box_content title=\u00a0\u00bbPrint\u00a0\u00bb description=\u00a0\u00bbVous avez d\u00e9j\u00e0 les fichiers et vous avez besoin de les faire imprimer ?<\/p>\n<p>On peut aussi vous aider, que ce soit pour des cartes de visite, des flyers, des b\u00e2ches publicitaire, des cadres photo en plexi&#8230; ou beaucoup d&rsquo;autres choses, n&rsquo;h\u00e9sitez pas \u00e0 nous envoyer une demande.\u00a0\u00bb][\/lab_service_box][\/vc_column][vc_column width=\u00a0\u00bb1\/2&Prime; reveal_effect=\u00a0\u00bbfadeIn\u00a0\u00bb css=\u00a0\u00bb.vc_custom_1504614932143{padding-right: 0px !important;padding-left: 0px !important;}\u00a0\u00bb reveal_duration=\u00a0\u00bb1&Prime; el_class=\u00a0\u00bbno-margin-desktop\u00a0\u00bb][\/vc_column][\/vc_row][vc_row css=\u00a0\u00bb.vc_custom_1426246390316{margin-bottom: 0px !important;}\u00a0\u00bb][vc_column width=\u00a0\u00bb1\/2&Prime; reveal_effect=\u00a0\u00bbfadeIn\u00a0\u00bb reveal_duration=\u00a0\u00bb1&Prime; css=\u00a0\u00bb.vc_custom_1504614935641{margin-right: 0px !important;padding-right: 0px !important;}\u00a0\u00bb el_class=\u00a0\u00bbno-margin-desktop\u00a0\u00bb][\/vc_column][vc_column width=\u00a0\u00bb1\/2&Prime; reveal_effect=\u00a0\u00bbfadeIn\u00a0\u00bb reveal_duration=\u00a0\u00bb1&Prime;][lab_service_box css=\u00a0\u00bb.vc_custom_1427234491823{padding-top: 45px !important;padding-right: 45px !important;padding-bottom: 45px !important;padding-left: 45px !important;}\u00a0\u00bb][vc_icon type=\u00a0\u00bblinecons\u00a0\u00bb icon_linecons=\u00a0\u00bbvc_li vc_li-truck\u00a0\u00bb size=\u00a0\u00bblg\u00a0\u00bb][lab_service_box_content title=\u00a0\u00bbLettrage automobile\u00a0\u00bb description=\u00a0\u00bbBesoin d&rsquo;une d\u00e9coration ou d&rsquo;un lettrage pour votre camionnette ?<\/p>\n<p>C&rsquo;est aussi dans nos cordes !\u00a0\u00bb][\/lab_service_box][\/vc_column][\/vc_row]<\/p>\n<\/div>","protected":false},"excerpt":{"rendered":"<p>[vc_row][vc_column reveal_effect=\u00a0\u00bbfadeIn\u00a0\u00bb reveal_duration=\u00a0\u00bb0.7&Prime;][lab_heading title=\u00a0\u00bbPrix &amp; Services.\u00a0\u00bb]Parce qu\u2019un travail n\u2019est pas un autre, on saura trouver la solution qui correspond \u00e0 votre budget. Envoyez nous un petit mail pour avoir une offre de prix ! [\/lab_heading][\/vc_column][\/vc_row][vc_row css=\u00a0\u00bb.vc_custom_1426246378123{margin-bottom: 0px !important;}\u00a0\u00bb][vc_column width=\u00a0\u00bb1\/2&Prime; reveal_effect=\u00a0\u00bbfadeIn\u00a0\u00bb reveal_duration=\u00a0\u00bb1&Prime; css=\u00a0\u00bb.vc_custom_1504614928532{margin-right: 0px !important;padding-right: 0px !important;}\u00a0\u00bb el_class=\u00a0\u00bbno-margin-desktop\u00a0\u00bb][\/vc_column][vc_column width=\u00a0\u00bb1\/2&Prime; reveal_effect=\u00a0\u00bbfadeIn\u00a0\u00bb reveal_duration=\u00a0\u00bb1&Prime;][lab_service_box css=\u00a0\u00bb.vc_custom_1427234469550{padding-top: 45px !important;padding-right: 45px !important;padding-bottom:&hellip;<\/p>\n","protected":false},"author":1,"featured_media":0,"parent":0,"menu_order":0,"comment_status":"open","ping_status":"closed","template":"","meta":{"_acf_changed":false,"inline_featured_image":false,"footnotes":""},"class_list":["post-2359","page","type-page","status-publish","hentry"],"acf":[],"_links":{"self":[{"href":"https:\/\/www.k-graphic.net\/hello\/wp-json\/wp\/v2\/pages\/2359","targetHints":{"allow":["GET"]}}],"collection":[{"href":"https:\/\/www.k-graphic.net\/hello\/wp-json\/wp\/v2\/pages"}],"about":[{"href":"https:\/\/www.k-graphic.net\/hello\/wp-json\/wp\/v2\/types\/page"}],"author":[{"embeddable":true,"href":"https:\/\/www.k-graphic.net\/hello\/wp-json\/wp\/v2\/users\/1"}],"replies":[{"embeddable":true,"href":"https:\/\/www.k-graphic.net\/hello\/wp-json\/wp\/v2\/comments?post=2359"}],"version-history":[{"count":7,"href":"https:\/\/www.k-graphic.net\/hello\/wp-json\/wp\/v2\/pages\/2359\/revisions"}],"predecessor-version":[{"id":3693,"href":"https:\/\/www.k-graphic.net\/hello\/wp-json\/wp\/v2\/pages\/2359\/revisions\/3693"}],"wp:attachment":[{"href":"https:\/\/www.k-graphic.net\/hello\/wp-json\/wp\/v2\/media?parent=2359"}],"curies":[{"name":"wp","href":"https:\/\/api.w.org\/{rel}","templated":true}]}}